{"id":50687,"date":"2023-05-03T16:20:13","date_gmt":"2023-05-03T16:20:13","guid":{"rendered":"https:\/\/vonrobinsonada.de\/?page_id=50687"},"modified":"2023-06-18T11:38:24","modified_gmt":"2023-06-18T11:38:24","slug":"bhp-szczeniaka","status":"publish","type":"page","link":"https:\/\/vonrobinsonada.de\/index.php\/bhp-szczeniaka\/","title":{"rendered":"Gesundheit und Sicherheit der Welpen"},"content":{"rendered":"<p>[vc_row row_type=&#8221;row&#8221; use_row_as_full_screen_section=&#8221;no&#8221; type=&#8221;full_width&#8221; oblique_section=&#8221;no&#8221; text_align=&#8221;left&#8221; triangle_shape=&#8221;no&#8221; padding_bottom=&#8221;80&#8243; css_animation=&#8221;&#8221; box_shadow_on_row=&#8221;no&#8221;][vc_column][vc_column_text css=&#8221;.vc_custom_1687084957111{padding-bottom: 25px !important;}&#8221;]<\/p>\r\n<div class=\"wp-block-group\">\r\n<h2 class=\"wp-block-heading\">Wie entwickeln sich Welpen und wie sollte die Betreuung bei der Aufnahme in eine neue Familie aussehen?<\/h2>\r\n<p><\/p>\r\n<\/div>\r\n<p><!-- \/wp:group -->[\/vc_column_text][vc_column_text]<\/p>\r\n<p>Untersuchungen zeigen, dass fr\u00fche Erfahrungen sehr wichtig sind und einen gro\u00dfen Einfluss auf das sp\u00e4tere Verhalten von Hunden haben. Aufgrund dieses Wissens haben wir uns entschieden, nicht nur der Entwicklung unserer Kleinen besondere Aufmerksamkeit zu widmen (die wir sorgf\u00e4ltig mit Fotos dokumentieren), sondern auch einen Ort zu schaffen, an dem Sie unser umfangreiches Wissen und unsere Erfahrung nutzen k\u00f6nnen. Wir k\u00fcmmern uns professionell und sicher um die Entwicklung der Welpen, wenn sie als neue Familienmitglieder zu Ihnen kommen.<span class=\"Apple-converted-space\">\u00a0<\/span><\/p>\r\n<p>&nbsp;<\/p>\r\n<p>[\/vc_column_text][vc_separator type=&#8221;normal&#8221; thickness=&#8221;0&#8243;][vc_column_text]<\/p>\r\n<h5>Wir unterteilen die fr\u00fche Entwicklung von Hunden in vier Grundstadien: Neonatale, \u00dcbergangs-, Sozialisierungs- und Jugendstadium.<\/h5>\r\n<p>&nbsp;<\/p>\r\n<p>&nbsp;<\/p>\r\n<p>&nbsp;<\/p>\r\n<p>&nbsp;<\/p>\r\n<p>[\/vc_column_text][vc_column_text]<\/p>\r\n<h3>Die neonatale oder Neugeborenenperiode ist die Zeit von der Geburt bis zum 14. Tag.<\/h3>\r\n<p>&nbsp;<\/p>\r\n<p>Da Welpen \u2013 ebenso wie neugeborene Kinder \u2013 vollst\u00e4ndig auf die F\u00fcrsorge ihrer Eltern angewiesen sind, ist es ideal, wenn wir uns in dieser besonderen Zeit diskret und ruhig um das Wohlergehen der Hundemutter und ihrer Kinder k\u00fcmmern.<span class=\"Apple-converted-space\">\u00a0<\/span><\/p>\r\n<p>Welpen konzentrieren ihre ganze Energie auf die Befriedigung ihrer Bed\u00fcrfnisse, einschlie\u00dflich W\u00e4rme, Hunger und m\u00fctterliche F\u00fcrsorge. Unsere Aufgabe besteht neben der Beobachtung des Wurfes darin, die Babys zu wiegen und zu \u00fcberpr\u00fcfen, ob sie sich richtig entwickeln. Und weil Welpen zu diesem Zeitpunkt schon \u00fcber einen sehr ausgepr\u00e4gten Geruchs- und Tastsinn verf\u00fcgen, regen solche sanften Behandlungen seitens des menschlichen Betreuers die Nervenentwicklung der Kleinen positiv an. Dadurch blicken sie selbstbewusster in die Zukunft, sind stressresistenter und ihre Lernf\u00e4higkeit verbessert sich.<\/p>\r\n<p>&nbsp;<\/p>\r\n<p>&nbsp;<\/p>\r\n<p>[\/vc_column_text][vc_column_text]<\/p>\r\n<h3>\u00dcbergangsfrist (vom 14. bis 21. Tag)<\/h3>\r\n<p>&nbsp;<\/p>\r\n<p>Dies ist die Zeit, in der sehr schnelle Ver\u00e4nderungen stattfinden, da die Sinnesorgane und das Nervensystem reifen. Es treten bereits soziale Verhaltensweisen auf: Signale, die in der neonatalen Phase mit der Befriedigung physiologischer Bed\u00fcrfnisse verbunden waren, beziehen sich nun auch auf die Befriedigung des Bed\u00fcrfnisses nach N\u00e4he und Sicherheit. Welpen sind zwar in diesem Stadium bereits lernf\u00e4hig, dies ist jedoch nicht die Lernf\u00e4higkeit, die f\u00fcr einen erwachsenen Hund typisch ist. Jedoch k\u00f6nnen sie mit verschiedenen neuen \u201ebabysicheren\u201c Gegenst\u00e4nden, h\u00e4uslichen Ger\u00e4uschen und der Ber\u00fchrung des Betreuers konfronwerden.<\/p>\r\n<p>[\/vc_column_text][\/vc_column][\/vc_row][vc_row row_type=&#8221;row&#8221; use_row_as_full_screen_section=&#8221;no&#8221; type=&#8221;full_width&#8221; oblique_section=&#8221;no&#8221; text_align=&#8221;left&#8221; triangle_shape=&#8221;no&#8221; padding_bottom=&#8221;80&#8243; css_animation=&#8221;&#8221; box_shadow_on_row=&#8221;no&#8221;][vc_column][vc_column_text css=&#8221;.vc_custom_1687087227728{padding-bottom: 25px !important;}&#8221;]<!-- wp:group {\"layout\":{\"type\":\"constrained\"}} --><\/p>\r\n<div class=\"wp-block-group\"><!-- wp:heading -->\r\n<h3>Die neonatale oder Neugeborenenperiode ist die Zeit von der Geburt bis zum 14. Tag.<\/h3>\r\n<p><!-- \/wp:heading --><!-- \/wp:paragraph --><\/p>\r\n<\/div>\r\n<p><!-- \/wp:group -->[\/vc_column_text][vc_column_text]<\/p>\r\n<p>Da Welpen \u2013 ebenso wie neugeborene Kinder \u2013 vollst\u00e4ndig auf die F\u00fcrsorge ihrer Eltern angewiesen sind, ist es ideal, wenn wir uns in dieser besonderen Zeit diskret und ruhig um das Wohlergehen der Hundemutter und ihrer Kinder k\u00fcmmern.<span class=\"Apple-converted-space\">\u00a0<\/span><\/p>\r\n<p>Welpen konzentrieren ihre ganze Energie auf die Befriedigung ihrer Bed\u00fcrfnisse, einschlie\u00dflich W\u00e4rme, Hunger und m\u00fctterliche F\u00fcrsorge. Unsere Aufgabe besteht neben der Beobachtung des Wurfes darin, die Babys zu wiegen und zu \u00fcberpr\u00fcfen, ob sie sich richtig entwickeln. Und weil Welpen zu diesem Zeitpunkt schon \u00fcber einen sehr ausgepr\u00e4gten Geruchs- und Tastsinn verf\u00fcgen, regen solche sanften Behandlungen seitens des menschlichen Betreuers die Nervenentwicklung der Kleinen positiv an. Dadurch blicken sie selbstbewusster in die Zukunft, sind stressresistenter und ihre Lernf\u00e4higkeit verbessert sich.<\/p>\r\n<p>&nbsp;<\/p>\r\n<p>[\/vc_column_text][vc_column_text][\/vc_column_text][\/vc_column][\/vc_row][vc_row row_type=&#8221;row&#8221; use_row_as_full_screen_section=&#8221;no&#8221; type=&#8221;full_width&#8221; oblique_section=&#8221;no&#8221; text_align=&#8221;left&#8221; triangle_shape=&#8221;no&#8221; padding_bottom=&#8221;80&#8243; css_animation=&#8221;&#8221; box_shadow_on_row=&#8221;no&#8221;][vc_column][vc_column_text]<\/p>\r\n<p>Dies ist die Zeit, in der sehr schnelle Ver\u00e4nderungen stattfinden, da die Sinnesorgane und das Nervensystem reifen. Es treten bereits soziale Verhaltensweisen auf: Signale, die in der neonatalen Phase mit der Befriedigung physiologischer Bed\u00fcrfnisse verbunden waren, beziehen sich nun auch auf die Befriedigung des Bed\u00fcrfnisses nach N\u00e4he und Sicherheit. Welpen sind zwar in diesem Stadium bereits lernf\u00e4hig, dies ist jedoch nicht die Lernf\u00e4higkeit, die f\u00fcr einen erwachsenen Hund typisch ist. Jedoch k\u00f6nnen sie mit verschiedenen neuen \u201ebabysicheren\u201c Gegenst\u00e4nden, h\u00e4uslichen Ger\u00e4uschen und der Ber\u00fchrung des Betreuers konfronwerden.<\/p>\r\n<p>[\/vc_column_text][vc_separator type=&#8221;normal&#8221; thickness=&#8221;0&#8243;][\/vc_column][\/vc_row][vc_row row_type=&#8221;row&#8221; use_row_as_full_screen_section=&#8221;no&#8221; type=&#8221;full_width&#8221; oblique_section=&#8221;no&#8221; text_align=&#8221;left&#8221; triangle_shape=&#8221;no&#8221; padding_bottom=&#8221;80&#8243; css_animation=&#8221;&#8221; box_shadow_on_row=&#8221;no&#8221;][vc_column][vc_column_text css=&#8221;.vc_custom_1687087310243{padding-bottom: 25px !important;}&#8221;]<\/p>\r\n<h3>Prim\u00e4re Sozialisation (Woche 3\u201312)<\/h3>\r\n<p>[\/vc_column_text][vc_column_text]<\/p>\r\n<p>Dies ist f\u00fcr Welpen eine \u00e4u\u00dferst wichtige Zeit, denn nun finden sehr wichtige Verhaltens\u00e4nderungen statt und die kleinen Hunde entwickeln arttypisches Sozialverhalten.<\/p>\r\n<p>In dieser Sensibilit\u00e4tsphase sollten Welpen mit verschiedenen akustischen und taktilen Reizen vertraut gemacht werden. Dabei sind nicht nur Kontakte innerhalb der eigenen Art wichtig, sondern auch das Kennenlernen fremder Menschen.<span class=\"Apple-converted-space\">\u00a0<\/span><\/p>\r\n<p>Bis zur 5. Woche n\u00e4hern sich Welpen mit gro\u00dfer Neugier und Erkundungsfreudigkeit neuen Dingen, die in ihrer Umgebung auftauchen. Nach dieser Zeit kommt es zu einer Phase der Angstkodierung, es handelt sich um eine erh\u00f6hte Sensibilit\u00e4t gegen\u00fcber Reizen, die zu einer Quelle von Angst und Trauma werden k\u00f6nnen. Daher sollten Sie mit Vorsicht und Einf\u00fchlungsverm\u00f6gen an das gemeinsame Erleben und Lernen der Welt mit dem Welpen herangehen.<\/p>\r\n<p>Die Zeit der fr\u00fchen Sozialisation ist unsere Aufgabe. Wir tun dies mit gro\u00dfer Intuition, Wissen und Leidenschaft. Das ist mein Steckenpferd!<\/p>\r\n<p>Ein Welpe, der in ein neues Zuhause wechselt, sollte weiterhin sorgf\u00e4ltig und planvoll sozialisiert werden. Viele Beispiele findet man in der Lekt\u00fcre \u201eThe Golden Dozen\u201c von Margaret Hughes.<\/p>\r\n<p>[\/vc_column_text][vc_separator type=&#8221;normal&#8221; thickness=&#8221;0&#8243;][vc_column_text]<\/p>\r\n<p>F\u00fcr die Abgabe unserer Welpen ab der 9. Woche gibt es im Internet detaillierte Vorschl\u00e4ge zur Sozialisierung. Dabei ist es nicht n\u00f6tig, sich strikt an das vorgeschlagene Schema halten, aber es f\u00f6rdert unser Verst\u00e4ndnis, welch gro\u00dfe Herausforderungen Welpen die f\u00fcr uns allt\u00e4glichen Dinge bestehen m\u00fcssen.<\/p>\r\n<p>Wichtig ist es in dieser Phase, die Welpen an verschiedene Umweltreize heranzuf\u00fchren, wie unterschiedliche Orte, Menschen, Kinder, oder \u201eausgeglichene\u201c Hunde. Allerdings bin ich dagegen, auf fremde Hunde zuzugehen, um sie mit dem Welpen \u201espielen\u201c zu lassen. Dies ist die erste Regel, die wir den Teilnehmern im Hundekindergartenunterricht vermitteln.<\/p>\r\n<p>[\/vc_column_text][vc_separator type=&#8221;normal&#8221; thickness=&#8221;0&#8243;][vc_column_text]<\/p>\r\n<p>Bei Spazierg\u00e4ngen im st\u00e4dtischen Raum oder bei Spielen an einem ruhigen Ort hat dann der Welpe die M\u00f6glichkeit, seine Emotionen zu regulieren.<span class=\"Apple-converted-space\">\u00a0<\/span><\/p>\r\n<p>Welpenerziehung bedeutet Unterst\u00fctzung, viel Unterst\u00fctzung durch den Betreuer aber auch Durchsetzungsverm\u00f6gen.<\/p>\r\n<p>Jeder Erziehungsberechtigte unserer Welpen erh\u00e4lt ein Heft \u201eGesundheit und Sicherheit des Hundes\u201c mit grundlegenden Anweisungen und Beispielen zur Durchf\u00fchrung von \u00dcbungen. Der Kontakt zu mir und Hilfestellung in Ausbildungs- und Erziehungsfragen sind f\u00fcr mich selbstverst\u00e4ndlich.<\/p>\r\n<p>[\/vc_column_text][vc_separator type=&#8221;normal&#8221; thickness=&#8221;0&#8243;][vc_separator type=&#8221;normal&#8221; thickness=&#8221;0&#8243;][vc_separator type=&#8221;normal&#8221; thickness=&#8221;0&#8243;][\/vc_column][\/vc_row]<\/p>","protected":false},"excerpt":{"rendered":"<p>[vc_row row_type=&#8221;row&#8221; use_row_as_full_screen_section=&#8221;no&#8221; type=&#8221;full_width&#8221; oblique_section=&#8221;no&#8221; text_align=&#8221;left&#8221; triangle_shape=&#8221;no&#8221; padding_bottom=&#8221;80&#8243; css_animation=&#8221;&#8221; box_shadow_on_row=&#8221;no&#8221;][vc_column][vc_column_text css=&#8221;.vc_custom_1687084957111{padding-bottom: 25px !important;}&#8221;] Wie entwickeln sich Welpen und wie sollte die Betreuung bei der Aufnahme in eine neue Familie aussehen? [\/vc_column_text][vc_column_text] Untersuchungen zeigen, dass fr\u00fche Erfahrungen sehr wichtig sind und einen gro\u00dfen Einfluss auf das&#8230;<\/p>\n","protected":false},"author":1,"featured_media":0,"parent":0,"menu_order":0,"comment_status":"closed","ping_status":"closed","template":"","meta":{"footnotes":""},"class_list":["post-50687","page","type-page","status-publish","hentry"],"yoast_head":"<!-- This site is optimized with the Yoast SEO plugin v26.8 - https:\/\/yoast.com\/product\/yoast-seo-wordpress\/ -->\n<title>Gesundheit und Sicherheit der Welpen - Von Robinsonada FCI<\/title>\n<meta name=\"robots\" content=\"index, follow, max-snippet:-1, max-image-preview:large, max-video-preview:-1\" \/>\n<link rel=\"canonical\" href=\"https:\/\/vonrobinsonada.de\/index.php\/bhp-szczeniaka\/\" \/>\n<meta property=\"og:locale\" content=\"pl_PL\" \/>\n<meta property=\"og:type\" content=\"article\" \/>\n<meta property=\"og:title\" content=\"Gesundheit und Sicherheit der Welpen - Von Robinsonada FCI\" \/>\n<meta property=\"og:description\" content=\"[vc_row row_type=&#8221;row&#8221; use_row_as_full_screen_section=&#8221;no&#8221; type=&#8221;full_width&#8221; oblique_section=&#8221;no&#8221; text_align=&#8221;left&#8221; triangle_shape=&#8221;no&#8221; padding_bottom=&#8221;80&#8243; css_animation=&#8221;&#8221; box_shadow_on_row=&#8221;no&#8221;][vc_column][vc_column_text css=&#8221;.vc_custom_1687084957111{padding-bottom: 25px !important;}&#8221;] Wie entwickeln sich Welpen und wie sollte die Betreuung bei der Aufnahme in eine neue Familie aussehen? [\/vc_column_text][vc_column_text] Untersuchungen zeigen, dass fr\u00fche Erfahrungen sehr wichtig sind und einen gro\u00dfen Einfluss auf das...\" \/>\n<meta property=\"og:url\" content=\"https:\/\/vonrobinsonada.de\/index.php\/bhp-szczeniaka\/\" \/>\n<meta property=\"og:site_name\" content=\"Von Robinsonada FCI\" \/>\n<meta property=\"article:publisher\" content=\"https:\/\/www.facebook.com\/naszarobinsonada\/\" \/>\n<meta property=\"article:modified_time\" content=\"2023-06-18T11:38:24+00:00\" \/>\n<meta name=\"twitter:card\" content=\"summary_large_image\" \/>\n<meta name=\"twitter:label1\" content=\"Szacowany czas czytania\" \/>\n\t<meta name=\"twitter:data1\" content=\"6 minut\" \/>\n<script type=\"application\/ld+json\" class=\"yoast-schema-graph\">{\"@context\":\"https:\/\/schema.org\",\"@graph\":[{\"@type\":\"WebPage\",\"@id\":\"https:\/\/vonrobinsonada.de\/index.php\/bhp-szczeniaka\/\",\"url\":\"https:\/\/vonrobinsonada.de\/index.php\/bhp-szczeniaka\/\",\"name\":\"Gesundheit und Sicherheit der Welpen - Von Robinsonada FCI\",\"isPartOf\":{\"@id\":\"https:\/\/vonrobinsonada.de\/#website\"},\"datePublished\":\"2023-05-03T16:20:13+00:00\",\"dateModified\":\"2023-06-18T11:38:24+00:00\",\"breadcrumb\":{\"@id\":\"https:\/\/vonrobinsonada.de\/index.php\/bhp-szczeniaka\/#breadcrumb\"},\"inLanguage\":\"pl-PL\",\"potentialAction\":[{\"@type\":\"ReadAction\",\"target\":[\"https:\/\/vonrobinsonada.de\/index.php\/bhp-szczeniaka\/\"]}]},{\"@type\":\"BreadcrumbList\",\"@id\":\"https:\/\/vonrobinsonada.de\/index.php\/bhp-szczeniaka\/#breadcrumb\",\"itemListElement\":[{\"@type\":\"ListItem\",\"position\":1,\"name\":\"Strona g\u0142\u00f3wna\",\"item\":\"https:\/\/vonrobinsonada.de\/\"},{\"@type\":\"ListItem\",\"position\":2,\"name\":\"Gesundheit und Sicherheit der Welpen\"}]},{\"@type\":\"WebSite\",\"@id\":\"https:\/\/vonrobinsonada.de\/#website\",\"url\":\"https:\/\/vonrobinsonada.de\/\",\"name\":\"Von Robinsonada FCI\",\"description\":\"Adventure with my Polish Lowland Sheepdogs. Photography, adventure and lifestyle.\",\"publisher\":{\"@id\":\"https:\/\/vonrobinsonada.de\/#organization\"},\"potentialAction\":[{\"@type\":\"SearchAction\",\"target\":{\"@type\":\"EntryPoint\",\"urlTemplate\":\"https:\/\/vonrobinsonada.de\/?s={search_term_string}\"},\"query-input\":{\"@type\":\"PropertyValueSpecification\",\"valueRequired\":true,\"valueName\":\"search_term_string\"}}],\"inLanguage\":\"pl-PL\"},{\"@type\":\"Organization\",\"@id\":\"https:\/\/vonrobinsonada.de\/#organization\",\"name\":\"Von Robinsonada FCI\",\"url\":\"https:\/\/vonrobinsonada.de\/\",\"logo\":{\"@type\":\"ImageObject\",\"inLanguage\":\"pl-PL\",\"@id\":\"https:\/\/vonrobinsonada.de\/#\/schema\/logo\/image\/\",\"url\":\"https:\/\/vonrobinsonada.de\/wp-content\/uploads\/2015\/03\/von-robinsonada-logo-gray-small.png\",\"contentUrl\":\"https:\/\/vonrobinsonada.de\/wp-content\/uploads\/2015\/03\/von-robinsonada-logo-gray-small.png\",\"width\":280,\"height\":144,\"caption\":\"Von Robinsonada FCI\"},\"image\":{\"@id\":\"https:\/\/vonrobinsonada.de\/#\/schema\/logo\/image\/\"},\"sameAs\":[\"https:\/\/www.facebook.com\/naszarobinsonada\/\",\"https:\/\/www.instagram.com\/nasza_robinsonada\/\"]}]}<\/script>\n<!-- \/ Yoast SEO plugin. -->","yoast_head_json":{"title":"Gesundheit und Sicherheit der Welpen - Von Robinsonada FCI","robots":{"index":"index","follow":"follow","max-snippet":"max-snippet:-1","max-image-preview":"max-image-preview:large","max-video-preview":"max-video-preview:-1"},"canonical":"https:\/\/vonrobinsonada.de\/index.php\/bhp-szczeniaka\/","og_locale":"pl_PL","og_type":"article","og_title":"Gesundheit und Sicherheit der Welpen - Von Robinsonada FCI","og_description":"[vc_row row_type=&#8221;row&#8221; use_row_as_full_screen_section=&#8221;no&#8221; type=&#8221;full_width&#8221; oblique_section=&#8221;no&#8221; text_align=&#8221;left&#8221; triangle_shape=&#8221;no&#8221; padding_bottom=&#8221;80&#8243; css_animation=&#8221;&#8221; box_shadow_on_row=&#8221;no&#8221;][vc_column][vc_column_text css=&#8221;.vc_custom_1687084957111{padding-bottom: 25px !important;}&#8221;] Wie entwickeln sich Welpen und wie sollte die Betreuung bei der Aufnahme in eine neue Familie aussehen? [\/vc_column_text][vc_column_text] Untersuchungen zeigen, dass fr\u00fche Erfahrungen sehr wichtig sind und einen gro\u00dfen Einfluss auf das...","og_url":"https:\/\/vonrobinsonada.de\/index.php\/bhp-szczeniaka\/","og_site_name":"Von Robinsonada FCI","article_publisher":"https:\/\/www.facebook.com\/naszarobinsonada\/","article_modified_time":"2023-06-18T11:38:24+00:00","twitter_card":"summary_large_image","twitter_misc":{"Szacowany czas czytania":"6 minut"},"schema":{"@context":"https:\/\/schema.org","@graph":[{"@type":"WebPage","@id":"https:\/\/vonrobinsonada.de\/index.php\/bhp-szczeniaka\/","url":"https:\/\/vonrobinsonada.de\/index.php\/bhp-szczeniaka\/","name":"Gesundheit und Sicherheit der Welpen - Von Robinsonada FCI","isPartOf":{"@id":"https:\/\/vonrobinsonada.de\/#website"},"datePublished":"2023-05-03T16:20:13+00:00","dateModified":"2023-06-18T11:38:24+00:00","breadcrumb":{"@id":"https:\/\/vonrobinsonada.de\/index.php\/bhp-szczeniaka\/#breadcrumb"},"inLanguage":"pl-PL","potentialAction":[{"@type":"ReadAction","target":["https:\/\/vonrobinsonada.de\/index.php\/bhp-szczeniaka\/"]}]},{"@type":"BreadcrumbList","@id":"https:\/\/vonrobinsonada.de\/index.php\/bhp-szczeniaka\/#breadcrumb","itemListElement":[{"@type":"ListItem","position":1,"name":"Strona g\u0142\u00f3wna","item":"https:\/\/vonrobinsonada.de\/"},{"@type":"ListItem","position":2,"name":"Gesundheit und Sicherheit der Welpen"}]},{"@type":"WebSite","@id":"https:\/\/vonrobinsonada.de\/#website","url":"https:\/\/vonrobinsonada.de\/","name":"Von Robinsonada FCI","description":"Adventure with my Polish Lowland Sheepdogs. Photography, adventure and lifestyle.","publisher":{"@id":"https:\/\/vonrobinsonada.de\/#organization"},"potentialAction":[{"@type":"SearchAction","target":{"@type":"EntryPoint","urlTemplate":"https:\/\/vonrobinsonada.de\/?s={search_term_string}"},"query-input":{"@type":"PropertyValueSpecification","valueRequired":true,"valueName":"search_term_string"}}],"inLanguage":"pl-PL"},{"@type":"Organization","@id":"https:\/\/vonrobinsonada.de\/#organization","name":"Von Robinsonada FCI","url":"https:\/\/vonrobinsonada.de\/","logo":{"@type":"ImageObject","inLanguage":"pl-PL","@id":"https:\/\/vonrobinsonada.de\/#\/schema\/logo\/image\/","url":"https:\/\/vonrobinsonada.de\/wp-content\/uploads\/2015\/03\/von-robinsonada-logo-gray-small.png","contentUrl":"https:\/\/vonrobinsonada.de\/wp-content\/uploads\/2015\/03\/von-robinsonada-logo-gray-small.png","width":280,"height":144,"caption":"Von Robinsonada FCI"},"image":{"@id":"https:\/\/vonrobinsonada.de\/#\/schema\/logo\/image\/"},"sameAs":["https:\/\/www.facebook.com\/naszarobinsonada\/","https:\/\/www.instagram.com\/nasza_robinsonada\/"]}]}},"_links":{"self":[{"href":"https:\/\/vonrobinsonada.de\/index.php\/wp-json\/wp\/v2\/pages\/50687","targetHints":{"allow":["GET"]}}],"collection":[{"href":"https:\/\/vonrobinsonada.de\/index.php\/wp-json\/wp\/v2\/pages"}],"about":[{"href":"https:\/\/vonrobinsonada.de\/index.php\/wp-json\/wp\/v2\/types\/page"}],"author":[{"embeddable":true,"href":"https:\/\/vonrobinsonada.de\/index.php\/wp-json\/wp\/v2\/users\/1"}],"replies":[{"embeddable":true,"href":"https:\/\/vonrobinsonada.de\/index.php\/wp-json\/wp\/v2\/comments?post=50687"}],"version-history":[{"count":33,"href":"https:\/\/vonrobinsonada.de\/index.php\/wp-json\/wp\/v2\/pages\/50687\/revisions"}],"predecessor-version":[{"id":51211,"href":"https:\/\/vonrobinsonada.de\/index.php\/wp-json\/wp\/v2\/pages\/50687\/revisions\/51211"}],"wp:attachment":[{"href":"https:\/\/vonrobinsonada.de\/index.php\/wp-json\/wp\/v2\/media?parent=50687"}],"curies":[{"name":"wp","href":"https:\/\/api.w.org\/{rel}","templated":true}]}}