{"id":50819,"date":"2023-05-13T07:28:53","date_gmt":"2023-05-13T07:28:53","guid":{"rendered":"https:\/\/vonrobinsonada.de\/?page_id=50819"},"modified":"2025-02-14T18:03:08","modified_gmt":"2025-02-14T18:03:08","slug":"nasze-psy","status":"publish","type":"page","link":"https:\/\/vonrobinsonada.de\/index.php\/nasze-psy\/","title":{"rendered":"Unsere Hunde"},"content":{"rendered":"<p>[vc_row row_type=&#8221;row&#8221; use_row_as_full_screen_section=&#8221;no&#8221; type=&#8221;full_width&#8221; oblique_section=&#8221;no&#8221; text_align=&#8221;left&#8221; triangle_shape=&#8221;no&#8221; padding_top=&#8221;50&#8243; padding_bottom=&#8221;150&#8243; css_animation=&#8221;&#8221; box_shadow_on_row=&#8221;no&#8221;][vc_column width=&#8221;1\/3&#8243;][vc_single_image image=&#8221;51741&#8243; img_size=&#8221;full&#8221; edgt_css_animation=&#8221;&#8221;][vc_column_text]<strong>Pontastic Penny Lany<\/strong> ist eine au\u00dfergew\u00f6hnliche H\u00fcndin der Rasse Polnischer Niederungsh\u00fctehund, die durch ihre Eleganz, ihr Temperament und ihre \u00dcbereinstimmung mit dem Rassestandard auf nationalen und internationalen Ausstellungringen die Anerkennung der Richter gewinnt.<\/p>\n<p>&nbsp;<\/p>\n<h4>30. APH Klubschau Bramsche, 05.09.2021<\/h4>\n<p><strong>Klasse:<\/strong> Offene Klasse<br \/>\n<strong>Bewertung:<\/strong> Vorz\u00fcglich (V4)<br \/>\n<strong>Richterbericht:<\/strong> 2-j\u00e4hrige H\u00fcndin, guter Kopf und Proportionen, hervorragende Brust, korrekte Oberlinie, korrekt gewinkelte Gliedma\u00dfen, pr\u00e4sentiert sich gut in der Seitenansicht.<br \/>\n<strong>\u2028Richterin:<\/strong> Katja Jasica<\/p>\n<p>&nbsp;<\/p>\n<h4>Internationale Rassehundeausstellung \u2013 Polen-Sieger 2021, Posen (14.11.2021)<\/h4>\n<p><strong>Klasse:<\/strong> Offene Klasse (Open)<br \/>\n<strong>Bewertung:<\/strong> Vorz\u00fcglich (V2)<br \/>\n<strong>\u2028Richterin:<\/strong> Iwona Gizela (PL)<\/p>\n<p>&nbsp;<\/p>\n<h4>Nationale Rassehundeausstellung, Antoninek O\/Pozna\u0144, 26.06.2022<\/h4>\n<p><strong>Klasse:<\/strong> Offene Klasse (Open Class)<br \/>\n<strong>\u2028Bewertung:<\/strong> Sehr gut (V1)<br \/>\n<strong>Richterbericht:<\/strong> Alles in sehr guten Proportionen, guter Sch\u00e4del, Auge und Pigmentierung.<br \/>\n<strong>Richter:<\/strong> Kevin Young (GB)<\/p>\n<p>&nbsp;<\/p>\n<h4>XL Internationale Rassehundeausstellung \u2013 Oppeln Moszna (CACIB), 29.\u201330.07.2022<\/h4>\n<p><strong>Klasse:<\/strong> Offene Klasse (Open Class)<br \/>\n<strong>Bewertung:<\/strong> Vorz\u00fcglich (IV)<br \/>\n<strong>Richter:<\/strong> Ramune Kazlauskaite<\/p>\n<p>&nbsp;<\/p>\n<h4>31. VDH Klubschau, Hagen, 04.09.2022<\/h4>\n<p><strong>Klasse:<\/strong> Offene Klasse (Offene Klasse)<br \/>\n<strong>Bewertung:<\/strong> Vorz\u00fcglich (V3)<br \/>\n<strong>Richterbericht:<\/strong> Typisch aufgebaute H\u00fcndin, schwarz-wei\u00df. Gut proportionierter Kopf, gro\u00dfe dunkelbraune Augen, vorz\u00fcgliche Vorderhand, starke Gliedma\u00dfen, gut bemuskelt, korrekt angesetzte Rute, bewegt sich selbstbewusst, freundlicher Charakter.<br \/>\n<strong>Richterin:<\/strong> Lilian van Waardenburg<\/p>\n<p>&nbsp;<\/p>\n<h4>17. Internationale Ausstellung f\u00fcr Hunde aller Rassen, Oldenburg, 03.08.2024<\/h4>\n<p><strong>Klasse:<\/strong> Offene Klasse<br \/>\n<strong>\u2028Bewertung:<\/strong> Vorz\u00fcglich (V2), Res.-Anw., Dt. Ch.VDH<br \/>\n<strong>Richterbericht:<\/strong> 5-j\u00e4hrige H\u00fcndin, gut aufgebaute Brust, kr\u00e4ftig, sehr gepflegtes Fell, gut bemuskelt, verh\u00e4lt sich freundlich und sicher. Gute Beweglichkeit.<br \/>\n<strong>Richterin:<\/strong> Marie-Josee Melchior-Schlechter<\/p>\n<p>&nbsp;<\/p>\n<h4>28. Internationale Rassehundeausstellung, Stettin (CACIB), 15.\u201316.06.2024<\/h4>\n<p><strong>Klasse:<\/strong> Offene Klasse<br \/>\n<strong>Bewertung:<\/strong> Vorz\u00fcglich (V1)<br \/>\n<strong>Richter:<\/strong> Vladimir Piskay (SK)<\/p>\n<p>&nbsp;<\/p>\n<h4>50. Internationale Ausstellung, Pritzwald, 01.09.2024<\/h4>\n<p><strong>Klasse:<\/strong> Offene Klasse<br \/>\n<strong>\u2028Bewertung:<\/strong> Vorz\u00fcglich (V)<br \/>\n<strong>Richterbericht:<\/strong> Proportionierter K\u00f6rperbau, gerade R\u00fcckenlinie, sehr gute Bewegungsqualit\u00e4t, sch\u00f6ner Kopf, gute Fellqualit\u00e4t, guter Charakter.<br \/>\n<strong>Richter:<\/strong> Grzegorz Robak (PL)[\/vc_column_text][\/vc_column][vc_column width=&#8221;1\/3&#8243;][vc_single_image image=&#8221;51740&#8243; img_size=&#8221;full&#8221; edgt_css_animation=&#8221;&#8221;][vc_column_text]<strong>Czara Via Rivendall<\/strong>, unsere H\u00fcndin der Rasse Polnischer Niederungsh\u00fctehund, hebt sich auf zahlreichen Hundeausstellungen durch hohe Bewertungen und Titel sowohl auf nationaler als auch auf internationaler Ebene hervor. Ihre Erfolge best\u00e4tigen die \u00dcbereinstimmung mit dem Rassestandard, eine exzellente Pr\u00e4senz und au\u00dfergew\u00f6hnliche Charaktereigenschaften.<\/p>\n<p>&nbsp;<\/p>\n<h4>30. APH Klubschau Bramsche, 05.09.2021<\/h4>\n<p><strong>Klasse:<\/strong> Jugendklasse<br \/>\n<strong>Bewertung:<\/strong> Vielversprechend (V4)<br \/>\n<strong>Richterbericht:<\/strong> Harmonischer K\u00f6rperbau, gute Pigmentierung von Nase und Augen, flie\u00dfende Bewegung.<br \/>\n<strong>Richterin:<\/strong> Antje Neugebauer (DE)<\/p>\n<p>&nbsp;<\/p>\n<h4>Internationale Rassehundeausstellung \u2013 Polen-Sieger 2021, Posen (14.11.2021)<\/h4>\n<p><strong>Klasse:<\/strong> Jugendklasse (Junior)<br \/>\n<strong>Bewertung:<\/strong> Vorz\u00fcglich (V3)<br \/>\n<strong>Richterin:<\/strong> Iwona Gizela<\/p>\n<p>&nbsp;<\/p>\n<h4>2. Internationale Rassehundeausstellung, Babimost (O\/Zielona G\u00f3ra), 06.\u201307.05.2023<\/h4>\n<p><strong>Klasse:<\/strong> Offene Klasse<br \/>\n<strong>Bewertung:<\/strong> Vorz\u00fcglich (V1)<br \/>\n<strong>Richterbericht:<\/strong> Sehr guter Zustand, typisches Erscheinungsbild der Rasse, korrekte Pr\u00e4sentation; kleine M\u00f6glichkeiten zur weiteren Verbesserung.<\/p>\n<p>&nbsp;<\/p>\n<h4>17. Internationale Rassehundeausstellung, Oldenburg (03.08.2024)<\/h4>\n<p><strong>Klasse:<\/strong> Offene Klasse<br \/>\n<strong>Bewertung:<\/strong> Vorz\u00fcglich (V1)<br \/>\n<strong>Titel:<\/strong> CAC VDH \u2013 Zertifikat f\u00fcr den Deutschen Champion beantragt.<br \/>\n<strong>FCI-CACIB:<\/strong> Res. Anw. Dt. Ch. VDH<br \/>\n<strong>Richterbericht:<\/strong> Betont die harmonische Struktur von Czara, ihren sch\u00f6nen Kopf, gute Pigmentierung und Fellqualit\u00e4t sowie die exzellente Bewegung.<br \/>\n<strong>Richterin:<\/strong> Marie-Josse Melchior (LU)<\/p>\n<p>&nbsp;<\/p>\n<h4>50. Internationale Ausstellung, Pritzwald (01.09.2024)<\/h4>\n<p><strong>Klasse:<\/strong> Offene Klasse<br \/>\n<strong>Bewertung:<\/strong> Vorz\u00fcglich (V)<br \/>\n<strong>Richterbericht:<\/strong> Proportionierter K\u00f6rperbau, gerade R\u00fcckenlinie, sehr gute Bewegungsqualit\u00e4t und anatomische Details.<br \/>\n<strong>Richter:<\/strong> Grzegorz Robak (PL)<\/p>\n<p>&nbsp;<\/p>\n<h4>21. Internationale Rassehundeausstellung, Rostock (12.10.2024)<\/h4>\n<p><strong>Klasse:<\/strong> Offene Klasse<br \/>\n<strong>Bewertung:<\/strong> Vorz\u00fcglich (V1)<br \/>\n<strong>Titel:<\/strong> Anw. Dt. Ch. VDH, Neutrales CAC, FCI-CACIB<br \/>\n<strong>Richterbericht:<\/strong> 4-j\u00e4hrige H\u00fcndin, vorz\u00fcgliches Gesamtbild. Ideale Proportionen, vorz\u00fcglicher femininer Kopf, kurzer Hals, fester R\u00fccken, sehr gute Winkelung, parallele und flie\u00dfende Bewegung, Fell in rassetypischer Textur, typisches Verhalten, sehr gut pr\u00e4sentiert.<br \/>\n<strong>Richter:<\/strong> Sch\u00e4fer Guido (DE)<\/p>\n<p>&nbsp;<\/p>\n<p><strong>Czara Via Rivendall<\/strong> ist ein Beweis f\u00fcr unsere Leidenschaft zur Zucht, bei der Sch\u00f6nheit und Funktionalit\u00e4t miteinander verbunden werden. Jeder Erfolg ist das Ergebnis von Engagement sowie der F\u00fcrsorge f\u00fcr Gesundheit und Wohlbefinden unserer Hunde.<\/p>\n<p>Wir laden Sie ein, die weiteren Erfolge unserer H\u00fcndin und unserer Zucht zu verfolgen. F\u00fcr uns ist jede Ausstellung nicht nur eine Herausforderung, sondern auch eine Gelegenheit, die h\u00f6chsten kynologischen Standards zu f\u00f6rdern.[\/vc_column_text][\/vc_column][vc_column width=&#8221;1\/3&#8243;][vc_single_image image=&#8221;51738&#8243; img_size=&#8221;full&#8221; edgt_css_animation=&#8221;&#8221;][vc_column_text]<strong>Angie von Robinsonada<\/strong> ist eine junge H\u00fcndin der Rasse Polnischer Niederungsh\u00fctehund, die schon zu Beginn ihrer Ausstellungskarriere beeindruckende Ergebnisse erzielt. Unten finden Sie eine Zusammenfassung ihrer bisherigen Erfolge:<\/p>\n<p>&nbsp;<\/p>\n<h4>28. Internationale Rassehundeausstellung, Stettin (15.\u201316.06.2024)<\/h4>\n<p><strong>Klasse:<\/strong> Jugendklasse<br \/>\n<strong>Bewertung:<\/strong> Vorz\u00fcglich (V2)<br \/>\n<strong>Richterbericht:<\/strong> \u201eSehr gut aufgebaute junge H\u00fcndin, hervorragend in der Bewegung. Ideales Temperament.\u201c<br \/>\n<strong>Richter:<\/strong> Vladimir Piskay (SK)<\/p>\n<p>&nbsp;<\/p>\n<h4>17. Internationale Rassehundeausstellung, Oldenburg (03.08.2024)<\/h4>\n<p><strong>Klasse:<\/strong> Jugendklasse<br \/>\n<strong>Bewertung:<\/strong> Vorz\u00fcglich (V2)<br \/>\n<strong>Titel:<\/strong> Res.- Anw. Dt. Jug. Ch. VDH<br \/>\n<strong>Richterbericht:<\/strong> \u201e14 Monate alte H\u00fcndin mit guter Fellqualit\u00e4t, korrektem Kopf und gutem Ausdruck. Freundlich und gut pr\u00e4sentiert.\u201c<br \/>\n<strong>Richter:<\/strong> Marie-Josse Melchior (LU)<\/p>\n<p>&nbsp;<\/p>\n<h4>50. Internationale Ausstellung, Pritzwald (01.09.2024)<\/h4>\n<p><strong>Klasse:<\/strong> Jugendklasse<br \/>\n<strong>Bewertung:<\/strong> Vorz\u00fcglich (V2)<br \/>\n<strong>Titel:<\/strong> Res.- Anw. Dt. Jug. Ch. VDH, Res.- CAC J-CAC APH<br \/>\n<strong>Richterbericht:<\/strong> \u201e15 Monate alte H\u00fcndin, harmonischer K\u00f6rperbau, sch\u00f6ner Kopf, hervorragende Bewegung. Sehr gut vorbereitet.\u201c<br \/>\n<strong>Richter:<\/strong> Grzegorz Robak (PL)<\/p>\n<p>&nbsp;<\/p>\n<h4>21. Internationale Rassehundeausstellung, Rostock (12.10.2024)<\/h4>\n<p><strong>Klasse:<\/strong> Zwischenklasse<br \/>\n<strong>Bewertung:<\/strong> Sehr gut (SG1)<br \/>\n<strong>Richterbericht:<\/strong> \u201e18 Monate alte H\u00fcndin mit hervorragenden Proportionen und sehr guter Knochenstruktur. Gut in der Bewegung pr\u00e4sentiert. Freundlich und bestens vorbereitet.\u201c<br \/>\n<strong>Richter:<\/strong> Sch\u00e4fer Guido (DE)<\/p>\n<p>Angie wird ihre vielversprechende Ausstellungskarriere sicherlich fortsetzen, und ihre Ergebnisse sind ein Beweis f\u00fcr die hohe Qualit\u00e4t der Zucht von Robinsonada.[\/vc_column_text][\/vc_column][\/vc_row]<\/p>\n","protected":false},"excerpt":{"rendered":"<p>[vc_row row_type=&#8221;row&#8221; use_row_as_full_screen_section=&#8221;no&#8221; type=&#8221;full_width&#8221; oblique_section=&#8221;no&#8221; text_align=&#8221;left&#8221; triangle_shape=&#8221;no&#8221; padding_top=&#8221;50&#8243; padding_bottom=&#8221;150&#8243; css_animation=&#8221;&#8221; box_shadow_on_row=&#8221;no&#8221;][vc_column width=&#8221;1\/3&#8243;][vc_single_image image=&#8221;51741&#8243; img_size=&#8221;full&#8221; edgt_css_animation=&#8221;&#8221;][vc_column_text]Pontastic Penny Lany ist eine au\u00dfergew\u00f6hnliche H\u00fcndin der Rasse Polnischer Niederungsh\u00fctehund, die durch ihre Eleganz, ihr Temperament und ihre \u00dcbereinstimmung mit dem Rassestandard auf nationalen und internationalen Ausstellungringen die Anerkennung der&#8230;<\/p>\n","protected":false},"author":1,"featured_media":0,"parent":0,"menu_order":0,"comment_status":"closed","ping_status":"closed","template":"","meta":{"footnotes":""},"class_list":["post-50819","page","type-page","status-publish","hentry"],"yoast_head":"<!-- This site is optimized with the Yoast SEO plugin v26.8 - https:\/\/yoast.com\/product\/yoast-seo-wordpress\/ -->\n<title>Unsere Hunde - Von Robinsonada FCI<\/title>\n<meta name=\"robots\" content=\"index, follow, max-snippet:-1, max-image-preview:large, max-video-preview:-1\" \/>\n<link rel=\"canonical\" href=\"https:\/\/vonrobinsonada.de\/index.php\/nasze-psy\/\" \/>\n<meta property=\"og:locale\" content=\"pl_PL\" \/>\n<meta property=\"og:type\" content=\"article\" \/>\n<meta property=\"og:title\" content=\"Unsere Hunde - Von Robinsonada FCI\" \/>\n<meta property=\"og:description\" content=\"[vc_row row_type=&#8221;row&#8221; use_row_as_full_screen_section=&#8221;no&#8221; type=&#8221;full_width&#8221; oblique_section=&#8221;no&#8221; text_align=&#8221;left&#8221; triangle_shape=&#8221;no&#8221; padding_top=&#8221;50&#8243; padding_bottom=&#8221;150&#8243; css_animation=&#8221;&#8221; box_shadow_on_row=&#8221;no&#8221;][vc_column width=&#8221;1\/3&#8243;][vc_single_image image=&#8221;51741&#8243; img_size=&#8221;full&#8221; edgt_css_animation=&#8221;&#8221;][vc_column_text]Pontastic Penny Lany ist eine au\u00dfergew\u00f6hnliche H\u00fcndin der Rasse Polnischer Niederungsh\u00fctehund, die durch ihre Eleganz, ihr Temperament und ihre \u00dcbereinstimmung mit dem Rassestandard auf nationalen und internationalen Ausstellungringen die Anerkennung der...\" \/>\n<meta property=\"og:url\" content=\"https:\/\/vonrobinsonada.de\/index.php\/nasze-psy\/\" \/>\n<meta property=\"og:site_name\" content=\"Von Robinsonada FCI\" \/>\n<meta property=\"article:publisher\" content=\"https:\/\/www.facebook.com\/naszarobinsonada\/\" \/>\n<meta property=\"article:modified_time\" content=\"2025-02-14T18:03:08+00:00\" \/>\n<meta name=\"twitter:card\" content=\"summary_large_image\" \/>\n<meta name=\"twitter:label1\" content=\"Szacowany czas czytania\" \/>\n\t<meta name=\"twitter:data1\" content=\"5 minut\" \/>\n<script type=\"application\/ld+json\" class=\"yoast-schema-graph\">{\"@context\":\"https:\/\/schema.org\",\"@graph\":[{\"@type\":\"WebPage\",\"@id\":\"https:\/\/vonrobinsonada.de\/index.php\/nasze-psy\/\",\"url\":\"https:\/\/vonrobinsonada.de\/index.php\/nasze-psy\/\",\"name\":\"Unsere Hunde - Von Robinsonada FCI\",\"isPartOf\":{\"@id\":\"https:\/\/vonrobinsonada.de\/#website\"},\"datePublished\":\"2023-05-13T07:28:53+00:00\",\"dateModified\":\"2025-02-14T18:03:08+00:00\",\"breadcrumb\":{\"@id\":\"https:\/\/vonrobinsonada.de\/index.php\/nasze-psy\/#breadcrumb\"},\"inLanguage\":\"pl-PL\",\"potentialAction\":[{\"@type\":\"ReadAction\",\"target\":[\"https:\/\/vonrobinsonada.de\/index.php\/nasze-psy\/\"]}]},{\"@type\":\"BreadcrumbList\",\"@id\":\"https:\/\/vonrobinsonada.de\/index.php\/nasze-psy\/#breadcrumb\",\"itemListElement\":[{\"@type\":\"ListItem\",\"position\":1,\"name\":\"Strona g\u0142\u00f3wna\",\"item\":\"https:\/\/vonrobinsonada.de\/\"},{\"@type\":\"ListItem\",\"position\":2,\"name\":\"Unsere Hunde\"}]},{\"@type\":\"WebSite\",\"@id\":\"https:\/\/vonrobinsonada.de\/#website\",\"url\":\"https:\/\/vonrobinsonada.de\/\",\"name\":\"Von Robinsonada FCI\",\"description\":\"Adventure with my Polish Lowland Sheepdogs. Photography, adventure and lifestyle.\",\"publisher\":{\"@id\":\"https:\/\/vonrobinsonada.de\/#organization\"},\"potentialAction\":[{\"@type\":\"SearchAction\",\"target\":{\"@type\":\"EntryPoint\",\"urlTemplate\":\"https:\/\/vonrobinsonada.de\/?s={search_term_string}\"},\"query-input\":{\"@type\":\"PropertyValueSpecification\",\"valueRequired\":true,\"valueName\":\"search_term_string\"}}],\"inLanguage\":\"pl-PL\"},{\"@type\":\"Organization\",\"@id\":\"https:\/\/vonrobinsonada.de\/#organization\",\"name\":\"Von Robinsonada FCI\",\"url\":\"https:\/\/vonrobinsonada.de\/\",\"logo\":{\"@type\":\"ImageObject\",\"inLanguage\":\"pl-PL\",\"@id\":\"https:\/\/vonrobinsonada.de\/#\/schema\/logo\/image\/\",\"url\":\"https:\/\/vonrobinsonada.de\/wp-content\/uploads\/2015\/03\/von-robinsonada-logo-gray-small.png\",\"contentUrl\":\"https:\/\/vonrobinsonada.de\/wp-content\/uploads\/2015\/03\/von-robinsonada-logo-gray-small.png\",\"width\":280,\"height\":144,\"caption\":\"Von Robinsonada FCI\"},\"image\":{\"@id\":\"https:\/\/vonrobinsonada.de\/#\/schema\/logo\/image\/\"},\"sameAs\":[\"https:\/\/www.facebook.com\/naszarobinsonada\/\",\"https:\/\/www.instagram.com\/nasza_robinsonada\/\"]}]}<\/script>\n<!-- \/ Yoast SEO plugin. -->","yoast_head_json":{"title":"Unsere Hunde - Von Robinsonada FCI","robots":{"index":"index","follow":"follow","max-snippet":"max-snippet:-1","max-image-preview":"max-image-preview:large","max-video-preview":"max-video-preview:-1"},"canonical":"https:\/\/vonrobinsonada.de\/index.php\/nasze-psy\/","og_locale":"pl_PL","og_type":"article","og_title":"Unsere Hunde - Von Robinsonada FCI","og_description":"[vc_row row_type=&#8221;row&#8221; use_row_as_full_screen_section=&#8221;no&#8221; type=&#8221;full_width&#8221; oblique_section=&#8221;no&#8221; text_align=&#8221;left&#8221; triangle_shape=&#8221;no&#8221; padding_top=&#8221;50&#8243; padding_bottom=&#8221;150&#8243; css_animation=&#8221;&#8221; box_shadow_on_row=&#8221;no&#8221;][vc_column width=&#8221;1\/3&#8243;][vc_single_image image=&#8221;51741&#8243; img_size=&#8221;full&#8221; edgt_css_animation=&#8221;&#8221;][vc_column_text]Pontastic Penny Lany ist eine au\u00dfergew\u00f6hnliche H\u00fcndin der Rasse Polnischer Niederungsh\u00fctehund, die durch ihre Eleganz, ihr Temperament und ihre \u00dcbereinstimmung mit dem Rassestandard auf nationalen und internationalen Ausstellungringen die Anerkennung der...","og_url":"https:\/\/vonrobinsonada.de\/index.php\/nasze-psy\/","og_site_name":"Von Robinsonada FCI","article_publisher":"https:\/\/www.facebook.com\/naszarobinsonada\/","article_modified_time":"2025-02-14T18:03:08+00:00","twitter_card":"summary_large_image","twitter_misc":{"Szacowany czas czytania":"5 minut"},"schema":{"@context":"https:\/\/schema.org","@graph":[{"@type":"WebPage","@id":"https:\/\/vonrobinsonada.de\/index.php\/nasze-psy\/","url":"https:\/\/vonrobinsonada.de\/index.php\/nasze-psy\/","name":"Unsere Hunde - Von Robinsonada FCI","isPartOf":{"@id":"https:\/\/vonrobinsonada.de\/#website"},"datePublished":"2023-05-13T07:28:53+00:00","dateModified":"2025-02-14T18:03:08+00:00","breadcrumb":{"@id":"https:\/\/vonrobinsonada.de\/index.php\/nasze-psy\/#breadcrumb"},"inLanguage":"pl-PL","potentialAction":[{"@type":"ReadAction","target":["https:\/\/vonrobinsonada.de\/index.php\/nasze-psy\/"]}]},{"@type":"BreadcrumbList","@id":"https:\/\/vonrobinsonada.de\/index.php\/nasze-psy\/#breadcrumb","itemListElement":[{"@type":"ListItem","position":1,"name":"Strona g\u0142\u00f3wna","item":"https:\/\/vonrobinsonada.de\/"},{"@type":"ListItem","position":2,"name":"Unsere Hunde"}]},{"@type":"WebSite","@id":"https:\/\/vonrobinsonada.de\/#website","url":"https:\/\/vonrobinsonada.de\/","name":"Von Robinsonada FCI","description":"Adventure with my Polish Lowland Sheepdogs. Photography, adventure and lifestyle.","publisher":{"@id":"https:\/\/vonrobinsonada.de\/#organization"},"potentialAction":[{"@type":"SearchAction","target":{"@type":"EntryPoint","urlTemplate":"https:\/\/vonrobinsonada.de\/?s={search_term_string}"},"query-input":{"@type":"PropertyValueSpecification","valueRequired":true,"valueName":"search_term_string"}}],"inLanguage":"pl-PL"},{"@type":"Organization","@id":"https:\/\/vonrobinsonada.de\/#organization","name":"Von Robinsonada FCI","url":"https:\/\/vonrobinsonada.de\/","logo":{"@type":"ImageObject","inLanguage":"pl-PL","@id":"https:\/\/vonrobinsonada.de\/#\/schema\/logo\/image\/","url":"https:\/\/vonrobinsonada.de\/wp-content\/uploads\/2015\/03\/von-robinsonada-logo-gray-small.png","contentUrl":"https:\/\/vonrobinsonada.de\/wp-content\/uploads\/2015\/03\/von-robinsonada-logo-gray-small.png","width":280,"height":144,"caption":"Von Robinsonada FCI"},"image":{"@id":"https:\/\/vonrobinsonada.de\/#\/schema\/logo\/image\/"},"sameAs":["https:\/\/www.facebook.com\/naszarobinsonada\/","https:\/\/www.instagram.com\/nasza_robinsonada\/"]}]}},"_links":{"self":[{"href":"https:\/\/vonrobinsonada.de\/index.php\/wp-json\/wp\/v2\/pages\/50819","targetHints":{"allow":["GET"]}}],"collection":[{"href":"https:\/\/vonrobinsonada.de\/index.php\/wp-json\/wp\/v2\/pages"}],"about":[{"href":"https:\/\/vonrobinsonada.de\/index.php\/wp-json\/wp\/v2\/types\/page"}],"author":[{"embeddable":true,"href":"https:\/\/vonrobinsonada.de\/index.php\/wp-json\/wp\/v2\/users\/1"}],"replies":[{"embeddable":true,"href":"https:\/\/vonrobinsonada.de\/index.php\/wp-json\/wp\/v2\/comments?post=50819"}],"version-history":[{"count":17,"href":"https:\/\/vonrobinsonada.de\/index.php\/wp-json\/wp\/v2\/pages\/50819\/revisions"}],"predecessor-version":[{"id":51742,"href":"https:\/\/vonrobinsonada.de\/index.php\/wp-json\/wp\/v2\/pages\/50819\/revisions\/51742"}],"wp:attachment":[{"href":"https:\/\/vonrobinsonada.de\/index.php\/wp-json\/wp\/v2\/media?parent=50819"}],"curies":[{"name":"wp","href":"https:\/\/api.w.org\/{rel}","templated":true}]}}